{"id":3148,"date":"2021-03-28T08:23:20","date_gmt":"2021-03-28T06:23:20","guid":{"rendered":"http:\/\/cityacademy.pl\/?page_id=3148"},"modified":"2021-03-31T14:57:16","modified_gmt":"2021-03-31T12:57:16","slug":"klauzula-rodo","status":"publish","type":"page","link":"https:\/\/cityacademy.pl\/index.php\/klauzula-rodo\/","title":{"rendered":"Klauzula RODO"},"content":{"rendered":"\t\t<div data-elementor-type=\"wp-page\" data-elementor-id=\"3148\" class=\"elementor elementor-3148\" data-elementor-settings=\"[]\">\n\t\t\t\t\t\t<div class=\"elementor-inner\">\n\t\t\t\t\t\t\t<div class=\"elementor-section-wrap\">\n\t\t\t\t\t\t\t<section class=\"elementor-section elementor-top-section elementor-element elementor-element-60ccef7b elementor-section-boxed elementor-section-height-default elementor-section-height-default\" data-id=\"60ccef7b\" data-element_type=\"section\" data-settings=\"{&quot;background_background&quot;:&quot;classic&quot;,&quot;shape_divider_bottom&quot;:&quot;mountains&quot;}\">\n\t\t\t\t\t<div class=\"elementor-shape elementor-shape-bottom\" data-negative=\"false\">\n\t\t\t<svg xmlns=\"http:\/\/www.w3.org\/2000\/svg\" viewBox=\"0 0 1000 100\" preserveAspectRatio=\"none\">\n\t<path class=\"elementor-shape-fill\" opacity=\"0.33\" d=\"M473,67.3c-203.9,88.3-263.1-34-320.3,0C66,119.1,0,59.7,0,59.7V0h1000v59.7 c0,0-62.1,26.1-94.9,29.3c-32.8,3.3-62.8-12.3-75.8-22.1C806,49.6,745.3,8.7,694.9,4.7S492.4,59,473,67.3z\"\/>\n\t<path class=\"elementor-shape-fill\" opacity=\"0.66\" d=\"M734,67.3c-45.5,0-77.2-23.2-129.1-39.1c-28.6-8.7-150.3-10.1-254,39.1 s-91.7-34.4-149.2,0C115.7,118.3,0,39.8,0,39.8V0h1000v36.5c0,0-28.2-18.5-92.1-18.5C810.2,18.1,775.7,67.3,734,67.3z\"\/>\n\t<path class=\"elementor-shape-fill\" d=\"M766.1,28.9c-200-57.5-266,65.5-395.1,19.5C242,1.8,242,5.4,184.8,20.6C128,35.8,132.3,44.9,89.9,52.5C28.6,63.7,0,0,0,0 h1000c0,0-9.9,40.9-83.6,48.1S829.6,47,766.1,28.9z\"\/>\n<\/svg>\t\t<\/div>\n\t\t\t\t\t<div class=\"elementor-container elementor-column-gap-wider\">\n\t\t\t\t\t\t\t<div class=\"elementor-row\">\n\t\t\t\t\t<div class=\"elementor-column elementor-col-100 elementor-top-column elementor-element elementor-element-c8c9b45\" data-id=\"c8c9b45\" data-element_type=\"column\">\n\t\t\t<div class=\"elementor-column-wrap elementor-element-populated\">\n\t\t\t\t\t\t\t<div class=\"elementor-widget-wrap\">\n\t\t\t\t\t\t<div class=\"elementor-element elementor-element-1b38ef10 elementor-widget elementor-widget-heading\" data-id=\"1b38ef10\" data-element_type=\"widget\" data-widget_type=\"heading.default\">\n\t\t\t\t<div class=\"elementor-widget-container\">\n\t\t\t<h2 class=\"elementor-heading-title elementor-size-default\">Wa\u017cne informacje<\/h2>\t\t<\/div>\n\t\t\t\t<\/div>\n\t\t\t\t\t\t<\/div>\n\t\t\t\t\t<\/div>\n\t\t<\/div>\n\t\t\t\t\t\t\t\t<\/div>\n\t\t\t\t\t<\/div>\n\t\t<\/section>\n\t\t\t\t<section class=\"elementor-section elementor-top-section elementor-element elementor-element-9e4373e elementor-section-content-middle elementor-section-boxed elementor-section-height-default elementor-section-height-default\" data-id=\"9e4373e\" data-element_type=\"section\" data-settings=\"{&quot;background_background&quot;:&quot;classic&quot;}\">\n\t\t\t\t\t\t<div class=\"elementor-container elementor-column-gap-wider\">\n\t\t\t\t\t\t\t<div class=\"elementor-row\">\n\t\t\t\t\t<div class=\"elementor-column elementor-col-100 elementor-top-column elementor-element elementor-element-835099b\" data-id=\"835099b\" data-element_type=\"column\">\n\t\t\t<div class=\"elementor-column-wrap elementor-element-populated\">\n\t\t\t\t\t\t\t<div class=\"elementor-widget-wrap\">\n\t\t\t\t\t\t<div class=\"elementor-element elementor-element-4bb98c3 elementor-widget elementor-widget-heading\" data-id=\"4bb98c3\" data-element_type=\"widget\" data-widget_type=\"heading.default\">\n\t\t\t\t<div class=\"elementor-widget-container\">\n\t\t\t<h4 class=\"elementor-heading-title elementor-size-medium\">Polityka Prywatno\u015bci i Ochrony Danych Osobowych - RODO<\/h4>\t\t<\/div>\n\t\t\t\t<\/div>\n\t\t\t\t<section class=\"elementor-section elementor-inner-section elementor-element elementor-element-ed18c9d elementor-section-boxed elementor-section-height-default elementor-section-height-default\" data-id=\"ed18c9d\" data-element_type=\"section\">\n\t\t\t\t\t\t<div class=\"elementor-container elementor-column-gap-default\">\n\t\t\t\t\t\t\t<div class=\"elementor-row\">\n\t\t\t\t\t<div class=\"elementor-column elementor-col-50 elementor-inner-column elementor-element elementor-element-b611348\" data-id=\"b611348\" data-element_type=\"column\">\n\t\t\t<div class=\"elementor-column-wrap elementor-element-populated\">\n\t\t\t\t\t\t\t<div class=\"elementor-widget-wrap\">\n\t\t\t\t\t\t<div class=\"elementor-element elementor-element-525c61f elementor-widget elementor-widget-heading\" data-id=\"525c61f\" data-element_type=\"widget\" data-widget_type=\"heading.default\">\n\t\t\t\t<div class=\"elementor-widget-container\">\n\t\t\t<h3 class=\"elementor-heading-title elementor-size-default\">RODO<\/h3>\t\t<\/div>\n\t\t\t\t<\/div>\n\t\t\t\t<div class=\"elementor-element elementor-element-bc8c177 elementor-widget elementor-widget-text-editor\" data-id=\"bc8c177\" data-element_type=\"widget\" data-widget_type=\"text-editor.default\">\n\t\t\t\t<div class=\"elementor-widget-container\">\n\t\t\t\t\t\t\t\t<div class=\"elementor-text-editor elementor-clearfix\">\n\t\t\t\t<p>Administratorem danych i Operatorem serwisu internetowego www.cityacademy.pl, (Serwisu) jest CITY ACADEMY SZKO\u0141A J\u0118ZYK\u00d3W OBCYCH MAGDALENA GA\u0141\u0118ZIOK, Fryderyka Chopina 34B lok. 1, 41-400 Mys\u0142owice, NIP: 222-05-74-891, REGON: 276279531, kontakt pod adresem e-mail: magdalena.galeziok@cityacademy.pl, oraz numerem telefonu:\u00a0(+48) 883 341 754.<\/p><p>Serwis nie zbiera w spos\u00f3b automatyczny \u017cadnych informacji, z wyj\u0105tkiem informacji zawartych w plikach cookies oraz danych dobrowolnie przekazanych przez U\u017cytkownika Serwisu za pomoc\u0105 formularza kontaktowego.<\/p><p>Dane dostarczone za pomoc\u0105 formularza kontaktowego (imi\u0119 i nazwisko, adres e-mail, numer telefonu oraz inne dobrowolnie przekazane dane) s\u0105 wykorzystywane wy\u0142\u0105cznie w celach odpowiedzi na wys\u0142an\u0105 wiadomo\u015b\u0107 i nie s\u0105 przekazywane, odsprzedawane ani udost\u0119pniane osobom i instytucjom trzecim.<\/p><p>Dane te s\u0105 przetwarzane na podstawie art. 6 ust. 1 lit. b RODO (przetwarzanie jest niezb\u0119dne do wykonania umowy, kt\u00f3rej stron\u0105 jest osoba, kt\u00f3rej dane dotycz\u0105, lub do podj\u0119cia dzia\u0142a\u0144 na \u017c\u0105danie osoby, kt\u00f3rej dane dotycz\u0105, przed zawarciem umowy).<\/p><p>O ile przepisy prawa nie stanowi\u0105 inaczej, Administrator przetwarza podane dane osobowe, przez czas niezb\u0119dny do realizacji cel\u00f3w w jakim dane zosta\u0142y mu przekazane tj. udzielenia odpowiedzi na przesy\u0142ane zapytanie i ewentualn\u0105 realizacj\u0119 umowy.<\/p><p>U\u017cytkownik ma prawo dost\u0119pu do swoich danych osobowych, prawo ich sprostowania, prawo do \u017c\u0105dania ich usuni\u0119cia, prawo do \u017c\u0105dania ograniczenia przetwarzania, prawo do wniesienia sprzeciwu wobec ich przetwarzania<\/p><p>U\u017cytkownik posiada prawo wniesienia skargi do Prezesa Urz\u0119du Ochrony Danych Osobowych, je\u017celi jego dane b\u0119d\u0105 przetwarzane niezgodnie z przepisami RODO.<\/p><p>Podanie przez U\u017cytkownika danych osobowych jest dobrowolne, ale niezb\u0119dne do realizacji celu, w jakim dane te zosta\u0142y podane.<\/p><p>Administrator danych nie dokonuje zautomatyzowanego podejmowania decyzji, w tym w oparciu o profilowanie.<\/p><p>Tre\u015b\u0107 zapytania, kt\u00f3ra jest przesy\u0142ana za po\u015brednictwem formularza kontaktowego, nie podlega ocenie przez system informatyczny. Proponowana cena i zakres us\u0142ug nie jest wynikiem oceny dokonanej przez jakikolwiek system informatyczny.<\/p>\t\t\t\t\t<\/div>\n\t\t\t\t\t\t<\/div>\n\t\t\t\t<\/div>\n\t\t\t\t\t\t<\/div>\n\t\t\t\t\t<\/div>\n\t\t<\/div>\n\t\t\t\t<div class=\"elementor-column elementor-col-50 elementor-inner-column elementor-element elementor-element-4077763\" data-id=\"4077763\" data-element_type=\"column\">\n\t\t\t<div class=\"elementor-column-wrap elementor-element-populated\">\n\t\t\t\t\t\t\t<div class=\"elementor-widget-wrap\">\n\t\t\t\t\t\t<div class=\"elementor-element elementor-element-0b7688b elementor-widget elementor-widget-heading\" data-id=\"0b7688b\" data-element_type=\"widget\" data-widget_type=\"heading.default\">\n\t\t\t\t<div class=\"elementor-widget-container\">\n\t\t\t<h3 class=\"elementor-heading-title elementor-size-default\">Polityka Prywatno\u015bci<\/h3>\t\t<\/div>\n\t\t\t\t<\/div>\n\t\t\t\t<div class=\"elementor-element elementor-element-5024dcd elementor-widget elementor-widget-text-editor\" data-id=\"5024dcd\" data-element_type=\"widget\" data-widget_type=\"text-editor.default\">\n\t\t\t\t<div class=\"elementor-widget-container\">\n\t\t\t\t\t\t\t\t<div class=\"elementor-text-editor elementor-clearfix\">\n\t\t\t\t<p>Pliki cookies (tzw. \u201eciasteczka\u201d) stanowi\u0105 dane informatyczne, w szczeg\u00f3lno\u015bci pliki tekstowe, kt\u00f3re przechowywane s\u0105 w urz\u0105dzeniu ko\u0144cowym U\u017cytkownika Serwisu i przeznaczone s\u0105 do korzystania ze stron internetowych Serwisu. Cookies zazwyczaj zawieraj\u0105 nazw\u0119 strony internetowej, z kt\u00f3rej pochodz\u0105, czas przechowywania ich na urz\u0105dzeniu ko\u0144cowym oraz dan\u0105, zazwyczaj unikaln\u0105 warto\u015b\u0107.<\/p><p>W ramach Serwisu stosowane s\u0105 dwa zasadnicze rodzaje plik\u00f3w cookies: \u201esesyjne\u201d (session cookies) oraz \u201esta\u0142e\u201d (persistent cookies). Cookies \u201esesyjne\u201d s\u0105 plikami tymczasowymi, kt\u00f3re przechowywane s\u0105 w urz\u0105dzeniu ko\u0144cowym U\u017cytkownika do czasu wylogowania, opuszczenia strony internetowej lub wy\u0142\u0105czenia oprogramowania (przegl\u0105darki internetowej). \u201eSta\u0142e\u201d pliki cookies przechowywane s\u0105 w urz\u0105dzeniu ko\u0144cowym U\u017cytkownika przez czas okre\u015blony w parametrach plik\u00f3w cookies lub do czasu ich usuni\u0119cia przez U\u017cytkownika.<\/p><p>Podmiotem zamieszczaj\u0105cym na urz\u0105dzeniu ko\u0144cowym U\u017cytkownika Serwisu pliki cookies oraz uzyskuj\u0105cym do nich dost\u0119p jest Administrator Serwisu oraz administratorzy Podmiot\u00f3w Partnerskich (bez prawa dost\u0119pu do w\u0142asnych plik\u00f3w cookies Administratora).<\/p><p>Administrator Serwisu wykorzystuje nast\u0119puj\u0105ce pliki cookies:<\/p><p>\u2013 cookies w\u0142asne \u2013 zamieszczane przez Administratora Serwisu w celu: dostosowania zawarto\u015bci stron internetowych Serwisu do preferencji U\u017cytkownika, zapami\u0119tania preferencji u\u017cytkownika, kontroli i autoryzacji dost\u0119pu do danych cz\u0119\u015bci serwisu, oraz optymalizacji korzystania ze stron internetowych; w szczeg\u00f3lno\u015bci pliki te pozwalaj\u0105 rozpozna\u0107 urz\u0105dzenie U\u017cytkownika Serwisu i odpowiednio wy\u015bwietli\u0107 stron\u0119 internetow\u0105, dostosowan\u0105 do jego indywidualnych potrzeb;<\/p><p>\u2013 cookies zewn\u0119trzne \u2013 zamieszczanych przez Podmioty Partnerskie w celu:<\/p><p>\u2013 zbierania og\u00f3lnych i anonimowych danych statycznych za po\u015brednictwem narz\u0119dzi analitycznych Google Analytics oraz Google Webmaster Tools [administrator cookies: Google Inc z siedzib\u0105 w USA], \u2013 nawi\u0105zania przez u\u017cytkownika po\u0142\u0105czenia z serwisem spo\u0142eczno\u015bciowym Facebook, poprzez wykorzystanie plugin do serwisu spo\u0142eczno\u015bciowego Facebook (dostarczany przez Facebook Inc.).<\/p><p>W wielu przypadkach oprogramowanie s\u0142u\u017c\u0105ce do przegl\u0105dania stron internetowych (przegl\u0105darka internetowa) domy\u015blnie dopuszcza przechowywanie plik\u00f3w cookies w urz\u0105dzeniu ko\u0144cowym U\u017cytkownika. U\u017cytkownicy Serwisu mog\u0105 dokona\u0107 w ka\u017cdym czasie zmiany ustawie\u0144 dotycz\u0105cych plik\u00f3w cookies. Ustawienia te mog\u0105 zosta\u0107 zmienione w szczeg\u00f3lno\u015bci w taki spos\u00f3b, aby blokowa\u0107 automatyczn\u0105 obs\u0142ug\u0119 plik\u00f3w cookies w ustawieniach przegl\u0105darki internetowej b\u0105d\u017a informowa\u0107 o ich ka\u017cdorazowym zamieszczeniu w urz\u0105dzeniu U\u017cytkownika Serwisu.<\/p><p>Szczeg\u00f3\u0142owe informacje o mo\u017cliwo\u015bci i sposobach obs\u0142ugi plik\u00f3w cookies dost\u0119pne s\u0105 w ustawieniach oprogramowania (przegl\u0105darki internetowej).<\/p><p>Operator Serwisu informuje, \u017ce ograniczenia lub wy\u0142\u0105czenie stosowania plik\u00f3w cookies mog\u0105 wp\u0142yn\u0105\u0107 na niekt\u00f3re funkcjonalno\u015bci dost\u0119pne na poszczeg\u00f3lnych podstronach Serwisu lub ca\u0142kowicie uniemo\u017cliwi\u0107 korzystanie z Serwisu.<\/p>\t\t\t\t\t<\/div>\n\t\t\t\t\t\t<\/div>\n\t\t\t\t<\/div>\n\t\t\t\t\t\t<\/div>\n\t\t\t\t\t<\/div>\n\t\t<\/div>\n\t\t\t\t\t\t\t\t<\/div>\n\t\t\t\t\t<\/div>\n\t\t<\/section>\n\t\t\t\t\t\t<\/div>\n\t\t\t\t\t<\/div>\n\t\t<\/div>\n\t\t\t\t\t\t\t\t<\/div>\n\t\t\t\t\t<\/div>\n\t\t<\/section>\n\t\t\t\t\t\t<\/div>\n\t\t\t\t\t\t<\/div>\n\t\t\t\t\t<\/div>\n\t\t","protected":false},"excerpt":{"rendered":"<p>Wa\u017cne informacje Polityka Prywatno\u015bci i Ochrony Danych Osobowych &#8211; RODO RODO Administratorem danych i Operatorem serwisu internetowego www.cityacademy.pl, (Serwisu) jest CITY ACADEMY SZKO\u0141A J\u0118ZYK\u00d3W OBCYCH MAGDALENA GA\u0141\u0118ZIOK, Fryderyka Chopina 34B lok. 1, 41-400 Mys\u0142owice, NIP: 222-05-74-891, REGON: 276279531, kontakt pod adresem e-mail: magdalena.galeziok@cityacademy.pl, oraz numerem telefonu:&nbsp;(+48) 883 341 754. Serwis nie zbiera w spos\u00f3b automatyczny&hellip;<\/p>\n","protected":false},"author":1,"featured_media":47,"parent":0,"menu_order":20,"comment_status":"closed","ping_status":"closed","template":"elementor_header_footer","meta":{"footnotes":""},"class_list":["post-3148","page","type-page","status-publish","has-post-thumbnail","hentry"],"yoast_head":"<!-- This site is optimized with the Yoast SEO plugin v27.4 - https:\/\/yoast.com\/product\/yoast-seo-wordpress\/ -->\n<title>Klauzula RODO - CITY Academy - oddani skutecznej nauce angielskiego<\/title>\n<meta name=\"robots\" content=\"noindex, follow\" \/>\n<meta property=\"og:locale\" content=\"pl_PL\" \/>\n<meta property=\"og:type\" content=\"article\" \/>\n<meta property=\"og:title\" content=\"Klauzula RODO - CITY Academy - oddani skutecznej nauce angielskiego\" \/>\n<meta property=\"og:description\" content=\"Wa\u017cne informacje Polityka Prywatno\u015bci i Ochrony Danych Osobowych &#8211; RODO RODO Administratorem danych i Operatorem serwisu internetowego www.cityacademy.pl, (Serwisu) jest CITY ACADEMY SZKO\u0141A J\u0118ZYK\u00d3W OBCYCH MAGDALENA GA\u0141\u0118ZIOK, Fryderyka Chopina 34B lok. 1, 41-400 Mys\u0142owice, NIP: 222-05-74-891, REGON: 276279531, kontakt pod adresem e-mail: magdalena.galeziok@cityacademy.pl, oraz numerem telefonu:&nbsp;(+48) 883 341 754. Serwis nie zbiera w spos\u00f3b automatyczny&hellip;\" \/>\n<meta property=\"og:url\" content=\"https:\/\/cityacademy.pl\/index.php\/klauzula-rodo\/\" \/>\n<meta property=\"og:site_name\" content=\"CITY Academy - oddani skutecznej nauce angielskiego\" \/>\n<meta property=\"article:publisher\" content=\"https:\/\/www.facebook.com\/city.academy.english.language\" \/>\n<meta property=\"article:modified_time\" content=\"2021-03-31T12:57:16+00:00\" \/>\n<meta property=\"og:image\" content=\"https:\/\/cityacademy.pl\/wp-content\/uploads\/2020\/03\/co004.jpg\" \/>\n\t<meta property=\"og:image:width\" content=\"1500\" \/>\n\t<meta property=\"og:image:height\" content=\"1000\" \/>\n\t<meta property=\"og:image:type\" content=\"image\/jpeg\" \/>\n<meta name=\"twitter:card\" content=\"summary_large_image\" \/>\n<meta name=\"twitter:label1\" content=\"Szacowany czas czytania\" \/>\n\t<meta name=\"twitter:data1\" content=\"3 minuty\" \/>\n<script type=\"application\/ld+json\" class=\"yoast-schema-graph\">{\"@context\":\"https:\\\/\\\/schema.org\",\"@graph\":[{\"@type\":\"WebPage\",\"@id\":\"https:\\\/\\\/cityacademy.pl\\\/index.php\\\/klauzula-rodo\\\/\",\"url\":\"https:\\\/\\\/cityacademy.pl\\\/index.php\\\/klauzula-rodo\\\/\",\"name\":\"Klauzula RODO - CITY Academy - oddani skutecznej nauce angielskiego\",\"isPartOf\":{\"@id\":\"https:\\\/\\\/cityacademy.pl\\\/#website\"},\"primaryImageOfPage\":{\"@id\":\"https:\\\/\\\/cityacademy.pl\\\/index.php\\\/klauzula-rodo\\\/#primaryimage\"},\"image\":{\"@id\":\"https:\\\/\\\/cityacademy.pl\\\/index.php\\\/klauzula-rodo\\\/#primaryimage\"},\"thumbnailUrl\":\"https:\\\/\\\/cityacademy.pl\\\/wp-content\\\/uploads\\\/2020\\\/03\\\/co004.jpg\",\"datePublished\":\"2021-03-28T06:23:20+00:00\",\"dateModified\":\"2021-03-31T12:57:16+00:00\",\"breadcrumb\":{\"@id\":\"https:\\\/\\\/cityacademy.pl\\\/index.php\\\/klauzula-rodo\\\/#breadcrumb\"},\"inLanguage\":\"pl-PL\",\"potentialAction\":[{\"@type\":\"ReadAction\",\"target\":[\"https:\\\/\\\/cityacademy.pl\\\/index.php\\\/klauzula-rodo\\\/\"]}]},{\"@type\":\"ImageObject\",\"inLanguage\":\"pl-PL\",\"@id\":\"https:\\\/\\\/cityacademy.pl\\\/index.php\\\/klauzula-rodo\\\/#primaryimage\",\"url\":\"https:\\\/\\\/cityacademy.pl\\\/wp-content\\\/uploads\\\/2020\\\/03\\\/co004.jpg\",\"contentUrl\":\"https:\\\/\\\/cityacademy.pl\\\/wp-content\\\/uploads\\\/2020\\\/03\\\/co004.jpg\",\"width\":1500,\"height\":1000},{\"@type\":\"BreadcrumbList\",\"@id\":\"https:\\\/\\\/cityacademy.pl\\\/index.php\\\/klauzula-rodo\\\/#breadcrumb\",\"itemListElement\":[{\"@type\":\"ListItem\",\"position\":1,\"name\":\"Strona g\u0142\u00f3wna\",\"item\":\"https:\\\/\\\/cityacademy.pl\\\/\"},{\"@type\":\"ListItem\",\"position\":2,\"name\":\"Klauzula RODO\"}]},{\"@type\":\"WebSite\",\"@id\":\"https:\\\/\\\/cityacademy.pl\\\/#website\",\"url\":\"https:\\\/\\\/cityacademy.pl\\\/\",\"name\":\"CITY Academy - oddani skutecznej nauce angielskiego\",\"description\":\"Strona internetowa CITY Academy!\",\"publisher\":{\"@id\":\"https:\\\/\\\/cityacademy.pl\\\/#organization\"},\"potentialAction\":[{\"@type\":\"SearchAction\",\"target\":{\"@type\":\"EntryPoint\",\"urlTemplate\":\"https:\\\/\\\/cityacademy.pl\\\/?s={search_term_string}\"},\"query-input\":{\"@type\":\"PropertyValueSpecification\",\"valueRequired\":true,\"valueName\":\"search_term_string\"}}],\"inLanguage\":\"pl-PL\"},{\"@type\":\"Organization\",\"@id\":\"https:\\\/\\\/cityacademy.pl\\\/#organization\",\"name\":\"CITY Academy - oddani skutecznej nauce angielskiego\",\"url\":\"https:\\\/\\\/cityacademy.pl\\\/\",\"logo\":{\"@type\":\"ImageObject\",\"inLanguage\":\"pl-PL\",\"@id\":\"https:\\\/\\\/cityacademy.pl\\\/#\\\/schema\\\/logo\\\/image\\\/\",\"url\":\"https:\\\/\\\/cityacademy.pl\\\/wp-content\\\/uploads\\\/2021\\\/03\\\/logo-city-academy-retina.png\",\"contentUrl\":\"https:\\\/\\\/cityacademy.pl\\\/wp-content\\\/uploads\\\/2021\\\/03\\\/logo-city-academy-retina.png\",\"width\":600,\"height\":150,\"caption\":\"CITY Academy - oddani skutecznej nauce angielskiego\"},\"image\":{\"@id\":\"https:\\\/\\\/cityacademy.pl\\\/#\\\/schema\\\/logo\\\/image\\\/\"},\"sameAs\":[\"https:\\\/\\\/www.facebook.com\\\/city.academy.english.language\"]}]}<\/script>\n<!-- \/ Yoast SEO plugin. -->","yoast_head_json":{"title":"Klauzula RODO - CITY Academy - oddani skutecznej nauce angielskiego","robots":{"index":"noindex","follow":"follow"},"og_locale":"pl_PL","og_type":"article","og_title":"Klauzula RODO - CITY Academy - oddani skutecznej nauce angielskiego","og_description":"Wa\u017cne informacje Polityka Prywatno\u015bci i Ochrony Danych Osobowych &#8211; RODO RODO Administratorem danych i Operatorem serwisu internetowego www.cityacademy.pl, (Serwisu) jest CITY ACADEMY SZKO\u0141A J\u0118ZYK\u00d3W OBCYCH MAGDALENA GA\u0141\u0118ZIOK, Fryderyka Chopina 34B lok. 1, 41-400 Mys\u0142owice, NIP: 222-05-74-891, REGON: 276279531, kontakt pod adresem e-mail: magdalena.galeziok@cityacademy.pl, oraz numerem telefonu:&nbsp;(+48) 883 341 754. Serwis nie zbiera w spos\u00f3b automatyczny&hellip;","og_url":"https:\/\/cityacademy.pl\/index.php\/klauzula-rodo\/","og_site_name":"CITY Academy - oddani skutecznej nauce angielskiego","article_publisher":"https:\/\/www.facebook.com\/city.academy.english.language","article_modified_time":"2021-03-31T12:57:16+00:00","og_image":[{"width":1500,"height":1000,"url":"https:\/\/cityacademy.pl\/wp-content\/uploads\/2020\/03\/co004.jpg","type":"image\/jpeg"}],"twitter_card":"summary_large_image","twitter_misc":{"Szacowany czas czytania":"3 minuty"},"schema":{"@context":"https:\/\/schema.org","@graph":[{"@type":"WebPage","@id":"https:\/\/cityacademy.pl\/index.php\/klauzula-rodo\/","url":"https:\/\/cityacademy.pl\/index.php\/klauzula-rodo\/","name":"Klauzula RODO - CITY Academy - oddani skutecznej nauce angielskiego","isPartOf":{"@id":"https:\/\/cityacademy.pl\/#website"},"primaryImageOfPage":{"@id":"https:\/\/cityacademy.pl\/index.php\/klauzula-rodo\/#primaryimage"},"image":{"@id":"https:\/\/cityacademy.pl\/index.php\/klauzula-rodo\/#primaryimage"},"thumbnailUrl":"https:\/\/cityacademy.pl\/wp-content\/uploads\/2020\/03\/co004.jpg","datePublished":"2021-03-28T06:23:20+00:00","dateModified":"2021-03-31T12:57:16+00:00","breadcrumb":{"@id":"https:\/\/cityacademy.pl\/index.php\/klauzula-rodo\/#breadcrumb"},"inLanguage":"pl-PL","potentialAction":[{"@type":"ReadAction","target":["https:\/\/cityacademy.pl\/index.php\/klauzula-rodo\/"]}]},{"@type":"ImageObject","inLanguage":"pl-PL","@id":"https:\/\/cityacademy.pl\/index.php\/klauzula-rodo\/#primaryimage","url":"https:\/\/cityacademy.pl\/wp-content\/uploads\/2020\/03\/co004.jpg","contentUrl":"https:\/\/cityacademy.pl\/wp-content\/uploads\/2020\/03\/co004.jpg","width":1500,"height":1000},{"@type":"BreadcrumbList","@id":"https:\/\/cityacademy.pl\/index.php\/klauzula-rodo\/#breadcrumb","itemListElement":[{"@type":"ListItem","position":1,"name":"Strona g\u0142\u00f3wna","item":"https:\/\/cityacademy.pl\/"},{"@type":"ListItem","position":2,"name":"Klauzula RODO"}]},{"@type":"WebSite","@id":"https:\/\/cityacademy.pl\/#website","url":"https:\/\/cityacademy.pl\/","name":"CITY Academy - oddani skutecznej nauce angielskiego","description":"Strona internetowa CITY Academy!","publisher":{"@id":"https:\/\/cityacademy.pl\/#organization"},"potentialAction":[{"@type":"SearchAction","target":{"@type":"EntryPoint","urlTemplate":"https:\/\/cityacademy.pl\/?s={search_term_string}"},"query-input":{"@type":"PropertyValueSpecification","valueRequired":true,"valueName":"search_term_string"}}],"inLanguage":"pl-PL"},{"@type":"Organization","@id":"https:\/\/cityacademy.pl\/#organization","name":"CITY Academy - oddani skutecznej nauce angielskiego","url":"https:\/\/cityacademy.pl\/","logo":{"@type":"ImageObject","inLanguage":"pl-PL","@id":"https:\/\/cityacademy.pl\/#\/schema\/logo\/image\/","url":"https:\/\/cityacademy.pl\/wp-content\/uploads\/2021\/03\/logo-city-academy-retina.png","contentUrl":"https:\/\/cityacademy.pl\/wp-content\/uploads\/2021\/03\/logo-city-academy-retina.png","width":600,"height":150,"caption":"CITY Academy - oddani skutecznej nauce angielskiego"},"image":{"@id":"https:\/\/cityacademy.pl\/#\/schema\/logo\/image\/"},"sameAs":["https:\/\/www.facebook.com\/city.academy.english.language"]}]}},"_links":{"self":[{"href":"https:\/\/cityacademy.pl\/index.php\/wp-json\/wp\/v2\/pages\/3148","targetHints":{"allow":["GET"]}}],"collection":[{"href":"https:\/\/cityacademy.pl\/index.php\/wp-json\/wp\/v2\/pages"}],"about":[{"href":"https:\/\/cityacademy.pl\/index.php\/wp-json\/wp\/v2\/types\/page"}],"author":[{"embeddable":true,"href":"https:\/\/cityacademy.pl\/index.php\/wp-json\/wp\/v2\/users\/1"}],"replies":[{"embeddable":true,"href":"https:\/\/cityacademy.pl\/index.php\/wp-json\/wp\/v2\/comments?post=3148"}],"version-history":[{"count":14,"href":"https:\/\/cityacademy.pl\/index.php\/wp-json\/wp\/v2\/pages\/3148\/revisions"}],"predecessor-version":[{"id":3337,"href":"https:\/\/cityacademy.pl\/index.php\/wp-json\/wp\/v2\/pages\/3148\/revisions\/3337"}],"wp:featuredmedia":[{"embeddable":true,"href":"https:\/\/cityacademy.pl\/index.php\/wp-json\/wp\/v2\/media\/47"}],"wp:attachment":[{"href":"https:\/\/cityacademy.pl\/index.php\/wp-json\/wp\/v2\/media?parent=3148"}],"curies":[{"name":"wp","href":"https:\/\/api.w.org\/{rel}","templated":true}]}}